{"id":10,"date":"2026-03-09T19:53:16","date_gmt":"2026-03-09T17:53:16","guid":{"rendered":"https:\/\/www.heurekaloosi.fi\/?page_id=10"},"modified":"2026-03-31T18:21:16","modified_gmt":"2026-03-31T15:21:16","slug":"home","status":"publish","type":"page","link":"https:\/\/www.heurekaloosi.fi\/","title":{"rendered":"Home"},"content":{"rendered":"\n<div class=\"wp-block-cover alignfull is-light hestia-clear-top-padding\"><span aria-hidden=\"true\" class=\"wp-block-cover__background has-white-background-color has-background-dim-100 has-background-dim\"><\/span><div class=\"wp-block-cover__inner-container is-layout-flow wp-block-cover-is-layout-flow\">\n<h1 class=\"wp-block-heading has-text-align-center has-text-color\" style=\"color:#3c4858\">Mik\u00e4 on Odd Fellow -veljeskunta?<\/h1>\n\n\n\n<div class=\"wp-block-group\"><div class=\"wp-block-group__inner-container is-layout-constrained wp-block-group-is-layout-constrained\">\n<p class=\"has-text-align-center\">Loosimme 49 Heureka kuuluu Odd Fellow -veljeskunta ja kokoonnumme Vantaalla. <\/p>\n\n\n\n<p class=\"has-text-align-center\">Odd Fellow on maailmanlaajuinen j\u00e4rjest\u00f6, jonka toiminnan perustana on yst\u00e4vyys, rakkaus ja totuus. Tavoitteenamme on edist\u00e4\u00e4 ihmisten v\u00e4lisi\u00e4 hyvi\u00e4 suhteita, auttaa l\u00e4himm\u00e4isi\u00e4, kehitt\u00e4\u00e4 j\u00e4sentemme henkist\u00e4 ja eettist\u00e4 kasvua.<\/p>\n\n\n\n<p class=\"has-text-align-center\">Veljeskunnassa on j\u00e4senin\u00e4 miehi\u00e4 kaikilta el\u00e4m\u00e4n osa-alueilta, eri ammateista ja kaiken ik\u00e4isi\u00e4 opiskelijoista el\u00e4kel\u00e4isiin. Jos olet t\u00e4ytt\u00e4nyt 21 vuotta, voit liitty\u00e4 yhteis\u00f6\u00f6mme. Olemme avoimia kaikille, jotka hyv\u00e4ksyv\u00e4t periaatteemme. Yhteis\u00f6mme on vapaa kaikista uskonnollisista ja poliittisista sidonnaisuuksista.<\/p>\n\n\n\n<p class=\"has-text-align-center\">Tarjoamme sinulle mahdollisuuden henkiseen kasvuun, yhdess\u00e4oloa perinteit\u00e4 kunnioittavalla ja arvokkaalla tavalla, rentoutumiseen mielekk\u00e4\u00e4n harrastuksen parissa, l\u00e4mminhenkisi\u00e4 kohtaamisia ja tapahtumia sek\u00e4 uusia yst\u00e4vi\u00e4.<\/p>\n\n\n\n<p class=\"has-text-align-center\"><\/p>\n\n\n\n<p class=\"has-text-align-center\"><\/p>\n<\/div><\/div>\n\n\n\n<div style=\"height:40px\" aria-hidden=\"true\" class=\"wp-block-spacer\"><\/div>\n\n\n\n<div style=\"height:40px\" aria-hidden=\"true\" class=\"wp-block-spacer\"><\/div>\n<\/div><\/div>\n\n\n\n<div class=\"wp-block-columns container is-layout-flex wp-container-core-columns-is-layout-28f84493 wp-block-columns-is-layout-flex\">\n<div class=\"wp-block-column col-md-5 is-layout-flow wp-block-column-is-layout-flow\">\n<div style=\"height:55px\" aria-hidden=\"true\" class=\"wp-block-spacer\"><\/div>\n\n\n\n<h2 class=\"wp-block-heading\">Miksi l\u00e4htisit mukaan toimintaamme?<\/h2>\n\n\n\n<p>Odd Fellow toiminnassa saat uusia yst\u00e4vi\u00e4.<\/p>\n\n\n\n<p>Sis\u00e4lt\u00f6\u00e4 el\u00e4m\u00e4\u00e4si!<\/p>\n\n\n\n<p>Kehit\u00e4t itse\u00e4si ihmisen\u00e4!<\/p>\n\n\n\n<p><\/p>\n\n\n\n<div id=\"wp-block-themeisle-blocks-advanced-columns-076b1944\" class=\"wp-block-themeisle-blocks-advanced-columns has-1-columns has-desktop-equal-layout has-tablet-equal-layout has-mobile-equal-layout has-vertical-unset\"><div class=\"wp-block-themeisle-blocks-advanced-columns-overlay\"><\/div><div class=\"innerblocks-wrap\">\n<div id=\"wp-block-themeisle-blocks-advanced-column-a270949a\" class=\"wp-block-themeisle-blocks-advanced-column\"><\/div>\n<\/div><\/div>\n<\/div>\n\n\n\n<div class=\"wp-block-column col-md-6 col-md-offset1 is-layout-flow wp-block-column-is-layout-flow\">\n<div style=\"height:55px\" aria-hidden=\"true\" class=\"wp-block-spacer\"><\/div>\n\n\n\n<p><\/p>\n\n\n\n<figure class=\"wp-block-image size-large\"><img loading=\"lazy\" decoding=\"async\" width=\"1024\" height=\"235\" src=\"https:\/\/www.heurekaloosi.fi\/wp-content\/uploads\/2026\/03\/lenkit_punainen-transparent-1024x235.png\" alt=\"\" class=\"wp-image-28\" srcset=\"https:\/\/www.heurekaloosi.fi\/wp-content\/uploads\/2026\/03\/lenkit_punainen-transparent-1024x235.png 1024w, https:\/\/www.heurekaloosi.fi\/wp-content\/uploads\/2026\/03\/lenkit_punainen-transparent-300x69.png 300w, https:\/\/www.heurekaloosi.fi\/wp-content\/uploads\/2026\/03\/lenkit_punainen-transparent-768x177.png 768w, https:\/\/www.heurekaloosi.fi\/wp-content\/uploads\/2026\/03\/lenkit_punainen-transparent-1536x353.png 1536w, https:\/\/www.heurekaloosi.fi\/wp-content\/uploads\/2026\/03\/lenkit_punainen-transparent-2048x471.png 2048w\" sizes=\"auto, (max-width: 1024px) 100vw, 1024px\" \/><\/figure>\n<\/div>\n<\/div>\n\n\n\n<p><\/p>\n","protected":false},"excerpt":{"rendered":"<p>Miksi l\u00e4htisit mukaan toimintaamme? Odd Fellow toiminnassa saat uusia yst\u00e4vi\u00e4. Sis\u00e4lt\u00f6\u00e4 el\u00e4m\u00e4\u00e4si! Kehit\u00e4t itse\u00e4si ihmisen\u00e4!<\/p>\n","protected":false},"author":1,"featured_media":50,"parent":0,"menu_order":0,"comment_status":"closed","ping_status":"closed","template":"","meta":{"_themeisle_gutenberg_block_has_review":false,"footnotes":""},"class_list":["post-10","page","type-page","status-publish","has-post-thumbnail","hentry"],"_links":{"self":[{"href":"https:\/\/www.heurekaloosi.fi\/index.php?rest_route=\/wp\/v2\/pages\/10","targetHints":{"allow":["GET"]}}],"collection":[{"href":"https:\/\/www.heurekaloosi.fi\/index.php?rest_route=\/wp\/v2\/pages"}],"about":[{"href":"https:\/\/www.heurekaloosi.fi\/index.php?rest_route=\/wp\/v2\/types\/page"}],"author":[{"embeddable":true,"href":"https:\/\/www.heurekaloosi.fi\/index.php?rest_route=\/wp\/v2\/users\/1"}],"replies":[{"embeddable":true,"href":"https:\/\/www.heurekaloosi.fi\/index.php?rest_route=%2Fwp%2Fv2%2Fcomments&post=10"}],"version-history":[{"count":28,"href":"https:\/\/www.heurekaloosi.fi\/index.php?rest_route=\/wp\/v2\/pages\/10\/revisions"}],"predecessor-version":[{"id":172,"href":"https:\/\/www.heurekaloosi.fi\/index.php?rest_route=\/wp\/v2\/pages\/10\/revisions\/172"}],"wp:featuredmedia":[{"embeddable":true,"href":"https:\/\/www.heurekaloosi.fi\/index.php?rest_route=\/wp\/v2\/media\/50"}],"wp:attachment":[{"href":"https:\/\/www.heurekaloosi.fi\/index.php?rest_route=%2Fwp%2Fv2%2Fmedia&parent=10"}],"curies":[{"name":"wp","href":"https:\/\/api.w.org\/{rel}","templated":true}]}}