{"id":32,"date":"2026-03-11T18:16:37","date_gmt":"2026-03-11T16:16:37","guid":{"rendered":"https:\/\/www.heurekaloosi.fi\/?page_id=32"},"modified":"2026-03-15T15:41:38","modified_gmt":"2026-03-15T13:41:38","slug":"miten-toimimme-2","status":"publish","type":"page","link":"https:\/\/www.heurekaloosi.fi\/?page_id=32","title":{"rendered":"Miten toimimme?"},"content":{"rendered":"\n<section id=\"wp-block-themeisle-blocks-advanced-columns-62aa51fe\" class=\"wp-block-themeisle-blocks-advanced-columns alignfull has-1-columns has-desktop-equal-layout has-tablet-equal-layout has-mobile-equal-layout has-vertical-flex-start has-light-bg\"><div class=\"wp-block-themeisle-blocks-advanced-columns-overlay\"><\/div><div class=\"innerblocks-wrap\">\n<div id=\"wp-block-themeisle-blocks-advanced-column-f169ec21\" class=\"wp-block-themeisle-blocks-advanced-column\">\n<h1 id=\"wp-block-themeisle-blocks-advanced-heading-841ad91e\" class=\"wp-block-themeisle-blocks-advanced-heading wp-block-themeisle-blocks-advanced-heading-841ad91e\"><\/h1>\n\n\n\n<p class=\"has-text-align-center has-text-color has-link-color wp-elements-04d01ffae305f1167576dc1c75e95ce3\" style=\"color:#080808\">Odd Fellow toiminnan ydint\u00e4 ovat loosikokoukset ja niiden lis\u00e4ksi j\u00e4rjest\u00e4mme erilaisia vapaamuotoisia tapahtumia.<\/p>\n<\/div>\n<\/div><\/section>\n\n\n\n<section id=\"wp-block-themeisle-blocks-advanced-columns-94dec1f4\" class=\"wp-block-themeisle-blocks-advanced-columns alignfull has-1-columns has-desktop-equal-layout has-tablet-equal-layout has-mobile-equal-layout has-vertical-flex-start has-light-bg\"><div class=\"wp-block-themeisle-blocks-advanced-columns-overlay\"><\/div><div class=\"innerblocks-wrap\">\n<div id=\"wp-block-themeisle-blocks-advanced-column-7b0444df\" class=\"wp-block-themeisle-blocks-advanced-column\">\n<section id=\"wp-block-themeisle-blocks-advanced-columns-1727ab75\" class=\"wp-block-themeisle-blocks-advanced-columns has-2-columns has-desktop-equal-layout has-tablet-equal-layout has-mobile-collapsedRows-layout has-vertical-center has-reverse-columns-mobile has-light-bg\"><div class=\"wp-block-themeisle-blocks-advanced-columns-overlay\"><\/div><div class=\"innerblocks-wrap\">\n<div id=\"wp-block-themeisle-blocks-advanced-column-28d31c74\" class=\"wp-block-themeisle-blocks-advanced-column\">\n<div id=\"wp-block-themeisle-blocks-advanced-heading-ea62c2ae\" class=\"wp-block-themeisle-blocks-advanced-heading wp-block-themeisle-blocks-advanced-heading-ea62c2ae\"><\/div>\n\n\n\n<h2 class=\"wp-block-heading has-text-align-center has-text-color has-link-color wp-elements-91b2cdad697f018c99b03416666e729a\" style=\"color:#080808\">Loosikokoukset<\/h2>\n\n\n\n<p class=\"has-text-align-center has-text-color has-link-color wp-elements-55d13df4bb3109640992547d9e552a77\" style=\"color:#080808\">Kokoonnumme p\u00e4\u00e4s\u00e4\u00e4nt\u00f6isesti kuukauden 1. ja 3. keskiviikko kello 19.00 loosikokoukseen. Kokoukset pidet\u00e4\u00e4n Vantaankosken loositalolla osoitteessa Vantaanpuistotie 3, 01730. Kes\u00e4- ja jouluaikana on yhteiskokouksia muiden loosien kanssa ja silloin kokousajat pikkuisen vaihtelevat.<\/p>\n<\/div>\n\n\n\n<div id=\"wp-block-themeisle-blocks-advanced-column-f968dc4e\" class=\"wp-block-themeisle-blocks-advanced-column\">\n<figure class=\"wp-block-image size-full is-resized ticss-0c5bbe67\"><img loading=\"lazy\" decoding=\"async\" width=\"600\" height=\"600\" src=\"http:\/\/www.heurekaloosi.fi\/wp-content\/uploads\/2026\/03\/Puheenjohtajan-nuija-Ruskea-30-600x600-1.png\" alt=\"\" class=\"wp-image-44\" style=\"width:484px;height:auto\" srcset=\"https:\/\/www.heurekaloosi.fi\/wp-content\/uploads\/2026\/03\/Puheenjohtajan-nuija-Ruskea-30-600x600-1.png 600w, https:\/\/www.heurekaloosi.fi\/wp-content\/uploads\/2026\/03\/Puheenjohtajan-nuija-Ruskea-30-600x600-1-300x300.png 300w, https:\/\/www.heurekaloosi.fi\/wp-content\/uploads\/2026\/03\/Puheenjohtajan-nuija-Ruskea-30-600x600-1-150x150.png 150w\" sizes=\"auto, (max-width: 600px) 100vw, 600px\" \/><\/figure>\n<\/div>\n<\/div><\/section>\n\n\n\n<section id=\"wp-block-themeisle-blocks-advanced-columns-696626d6\" class=\"wp-block-themeisle-blocks-advanced-columns has-2-columns has-desktop-equal-layout has-tablet-equal-layout has-mobile-collapsedRows-layout has-vertical-center has-light-bg\"><div class=\"wp-block-themeisle-blocks-advanced-columns-overlay\"><\/div><div class=\"innerblocks-wrap\">\n<div id=\"wp-block-themeisle-blocks-advanced-column-ee624f6a\" class=\"wp-block-themeisle-blocks-advanced-column\">\n<figure class=\"wp-block-image size-large is-resized ticss-fab6ef94\"><img loading=\"lazy\" decoding=\"async\" width=\"1024\" height=\"1024\" src=\"http:\/\/www.heurekaloosi.fi\/wp-content\/uploads\/2026\/03\/clker-free-vector-images-place-setting-309980_1920-1024x1024.png\" alt=\"\" class=\"wp-image-47\" style=\"width:415px;height:auto\" srcset=\"https:\/\/www.heurekaloosi.fi\/wp-content\/uploads\/2026\/03\/clker-free-vector-images-place-setting-309980_1920-1024x1024.png 1024w, https:\/\/www.heurekaloosi.fi\/wp-content\/uploads\/2026\/03\/clker-free-vector-images-place-setting-309980_1920-300x300.png 300w, https:\/\/www.heurekaloosi.fi\/wp-content\/uploads\/2026\/03\/clker-free-vector-images-place-setting-309980_1920-150x150.png 150w, https:\/\/www.heurekaloosi.fi\/wp-content\/uploads\/2026\/03\/clker-free-vector-images-place-setting-309980_1920-768x768.png 768w, https:\/\/www.heurekaloosi.fi\/wp-content\/uploads\/2026\/03\/clker-free-vector-images-place-setting-309980_1920-1536x1536.png 1536w, https:\/\/www.heurekaloosi.fi\/wp-content\/uploads\/2026\/03\/clker-free-vector-images-place-setting-309980_1920.png 1920w\" sizes=\"auto, (max-width: 1024px) 100vw, 1024px\" \/><\/figure>\n<\/div>\n\n\n\n<div id=\"wp-block-themeisle-blocks-advanced-column-40861855\" class=\"wp-block-themeisle-blocks-advanced-column\">\n<div id=\"wp-block-themeisle-blocks-advanced-heading-e301d4d0\" class=\"wp-block-themeisle-blocks-advanced-heading wp-block-themeisle-blocks-advanced-heading-e301d4d0\"><\/div>\n\n\n\n<h2 class=\"wp-block-heading has-text-align-center has-text-color has-link-color wp-elements-e6495f994990e078784116ccaffbd741\" style=\"color:#080808\">Veljesateria<\/h2>\n\n\n\n<p class=\"has-text-align-center has-text-color has-link-color wp-elements-8ce3cc3b9fd798353c3cba1500d53723\" style=\"color:#080808\">Jokainen loosikokous p\u00e4\u00e4ttyy yhteisen ruokailuun, veljesateriaan. Sen yhteydess\u00e4 voi olla esitelmi\u00e4 tai muita aktiviteetteja. P\u00e4\u00e4osassa on kuitenkin rauhallinen ruokailu ja keskustelu veljien kanssa. Jokainen veli on mukana keitti\u00f6ryhmiss\u00e4, jotka vastaavat veljesaterian j\u00e4rjestelyist\u00e4 ruuan ja tiskauksen osalta.<\/p>\n<\/div>\n<\/div><\/section>\n<\/div>\n<\/div><\/section>\n\n\n\n<div class=\"wp-block-group alignfull\"><div class=\"wp-block-group__inner-container is-layout-constrained wp-block-group-is-layout-constrained\">\n<section id=\"wp-block-themeisle-blocks-advanced-columns-737881dd\" class=\"wp-block-themeisle-blocks-advanced-columns alignfull has-1-columns has-desktop-equal-layout has-tablet-equal-layout has-mobile-equal-layout has-vertical-flex-start has-light-bg\"><div class=\"wp-block-themeisle-blocks-advanced-columns-overlay\"><\/div><div class=\"innerblocks-wrap\">\n<div id=\"wp-block-themeisle-blocks-advanced-column-33734621\" class=\"wp-block-themeisle-blocks-advanced-column\">\n<section id=\"wp-block-themeisle-blocks-advanced-columns-79ca0f14\" class=\"wp-block-themeisle-blocks-advanced-columns has-2-columns has-desktop-equal-layout has-tablet-equal-layout has-mobile-collapsedRows-layout has-vertical-center has-reverse-columns-mobile has-light-bg\"><div class=\"wp-block-themeisle-blocks-advanced-columns-overlay\"><\/div><div class=\"innerblocks-wrap\">\n<div id=\"wp-block-themeisle-blocks-advanced-column-c5c33cd1\" class=\"wp-block-themeisle-blocks-advanced-column\">\n<div id=\"wp-block-themeisle-blocks-advanced-heading-a1fd7b16\" class=\"wp-block-themeisle-blocks-advanced-heading wp-block-themeisle-blocks-advanced-heading-a1fd7b16\"><\/div>\n\n\n\n<h2 class=\"wp-block-heading has-text-align-center has-text-color has-link-color wp-elements-c8c1b1835128486539d1b2d3e2ce1a3c\" style=\"color:#080808\">Loosivierailut<\/h2>\n\n\n\n<p class=\"has-text-align-center has-text-color has-link-color wp-elements-cecdfa973710cb8e0a8946cd9b047834\" style=\"color:#080808\">Veljeskunnan j\u00e4senen\u00e4 voit osallistua eri loosien kokouksiin ja niiden j\u00e4rjest\u00e4miin tapahtumiin. Loosit j\u00e4rjest\u00e4v\u00e4t my\u00f6s yhteisvierailuja toisiin looseihin sek\u00e4 yhteiskokouksia erityisesti kes\u00e4ll\u00e4 ja joulunaikaan. Suomessa on looseja yli 30 paikkakunnalla ja jos olet vaikka ty\u00f6matkalla, voit osallistua vieraana toisen loosin kokoukseen.<\/p>\n<\/div>\n\n\n\n<div id=\"wp-block-themeisle-blocks-advanced-column-e79ea3a7\" class=\"wp-block-themeisle-blocks-advanced-column\">\n<figure class=\"wp-block-image size-large is-resized ticss-0c5bbe67\"><img loading=\"lazy\" decoding=\"async\" width=\"1024\" height=\"604\" src=\"http:\/\/www.heurekaloosi.fi\/wp-content\/uploads\/2026\/03\/davector-handshake-10052589_1920-1024x604.png\" alt=\"\" class=\"wp-image-42\" style=\"aspect-ratio:1.695426043843873;width:393px;height:auto\" srcset=\"https:\/\/www.heurekaloosi.fi\/wp-content\/uploads\/2026\/03\/davector-handshake-10052589_1920-1024x604.png 1024w, https:\/\/www.heurekaloosi.fi\/wp-content\/uploads\/2026\/03\/davector-handshake-10052589_1920-300x177.png 300w, https:\/\/www.heurekaloosi.fi\/wp-content\/uploads\/2026\/03\/davector-handshake-10052589_1920-768x453.png 768w, https:\/\/www.heurekaloosi.fi\/wp-content\/uploads\/2026\/03\/davector-handshake-10052589_1920-1536x906.png 1536w, https:\/\/www.heurekaloosi.fi\/wp-content\/uploads\/2026\/03\/davector-handshake-10052589_1920.png 1920w\" sizes=\"auto, (max-width: 1024px) 100vw, 1024px\" \/><\/figure>\n<\/div>\n<\/div><\/section>\n\n\n\n<section id=\"wp-block-themeisle-blocks-advanced-columns-64dec4da\" class=\"wp-block-themeisle-blocks-advanced-columns has-2-columns has-desktop-equal-layout has-tablet-equal-layout has-mobile-collapsedRows-layout has-vertical-center has-light-bg\"><div class=\"wp-block-themeisle-blocks-advanced-columns-overlay\"><\/div><div class=\"innerblocks-wrap\">\n<div id=\"wp-block-themeisle-blocks-advanced-column-b3ae36bd\" class=\"wp-block-themeisle-blocks-advanced-column\">\n<figure class=\"wp-block-image size-large is-resized ticss-fab6ef94\"><img loading=\"lazy\" decoding=\"async\" width=\"1024\" height=\"876\" src=\"http:\/\/www.heurekaloosi.fi\/wp-content\/uploads\/2026\/03\/openclipart-vectors-camera-159581_1920-1024x876.png\" alt=\"\" class=\"wp-image-49\" style=\"aspect-ratio:1.1689791540988002;width:397px;height:auto\" srcset=\"https:\/\/www.heurekaloosi.fi\/wp-content\/uploads\/2026\/03\/openclipart-vectors-camera-159581_1920-1024x876.png 1024w, https:\/\/www.heurekaloosi.fi\/wp-content\/uploads\/2026\/03\/openclipart-vectors-camera-159581_1920-300x257.png 300w, https:\/\/www.heurekaloosi.fi\/wp-content\/uploads\/2026\/03\/openclipart-vectors-camera-159581_1920-768x657.png 768w, https:\/\/www.heurekaloosi.fi\/wp-content\/uploads\/2026\/03\/openclipart-vectors-camera-159581_1920-1536x1314.png 1536w, https:\/\/www.heurekaloosi.fi\/wp-content\/uploads\/2026\/03\/openclipart-vectors-camera-159581_1920.png 1920w\" sizes=\"auto, (max-width: 1024px) 100vw, 1024px\" \/><\/figure>\n<\/div>\n\n\n\n<div id=\"wp-block-themeisle-blocks-advanced-column-349e11fd\" class=\"wp-block-themeisle-blocks-advanced-column\">\n<div id=\"wp-block-themeisle-blocks-advanced-heading-d49501ab\" class=\"wp-block-themeisle-blocks-advanced-heading wp-block-themeisle-blocks-advanced-heading-d49501ab\"><\/div>\n\n\n\n<h2 class=\"wp-block-heading has-text-align-center has-text-color has-link-color wp-elements-9fc3391dbc8362b2db54e3a5fe231278\" style=\"color:#080808\">Vapaamuotoiset tapahtumat<\/h2>\n\n\n\n<p class=\"has-text-align-center has-text-color has-link-color wp-elements-44a95d584911763988fdccd7be370844\" style=\"color:#080808\">Eri loosit j\u00e4rjest\u00e4v\u00e4t paljon vapaamuotoisia tapahtumia eri teemoilla. T\u00e4llaisia tapahtumia ovat esimerkiksi yhteiset elokuvaillat, golf-kisat, h\u00f6yrylaivaristeilyt tai peli-illat.<\/p>\n<\/div>\n<\/div><\/section>\n<\/div>\n<\/div><\/section>\n<\/div><\/div>\n\n\n\n<p><\/p>\n","protected":false},"excerpt":{"rendered":"","protected":false},"author":1,"featured_media":0,"parent":0,"menu_order":0,"comment_status":"closed","ping_status":"closed","template":"","meta":{"_themeisle_gutenberg_block_has_review":false,"footnotes":""},"class_list":["post-32","page","type-page","status-publish","hentry"],"_links":{"self":[{"href":"https:\/\/www.heurekaloosi.fi\/index.php?rest_route=\/wp\/v2\/pages\/32","targetHints":{"allow":["GET"]}}],"collection":[{"href":"https:\/\/www.heurekaloosi.fi\/index.php?rest_route=\/wp\/v2\/pages"}],"about":[{"href":"https:\/\/www.heurekaloosi.fi\/index.php?rest_route=\/wp\/v2\/types\/page"}],"author":[{"embeddable":true,"href":"https:\/\/www.heurekaloosi.fi\/index.php?rest_route=\/wp\/v2\/users\/1"}],"replies":[{"embeddable":true,"href":"https:\/\/www.heurekaloosi.fi\/index.php?rest_route=%2Fwp%2Fv2%2Fcomments&post=32"}],"version-history":[{"count":13,"href":"https:\/\/www.heurekaloosi.fi\/index.php?rest_route=\/wp\/v2\/pages\/32\/revisions"}],"predecessor-version":[{"id":123,"href":"https:\/\/www.heurekaloosi.fi\/index.php?rest_route=\/wp\/v2\/pages\/32\/revisions\/123"}],"wp:attachment":[{"href":"https:\/\/www.heurekaloosi.fi\/index.php?rest_route=%2Fwp%2Fv2%2Fmedia&parent=32"}],"curies":[{"name":"wp","href":"https:\/\/api.w.org\/{rel}","templated":true}]}}